{"id":4906,"date":"2025-06-09T13:13:22","date_gmt":"2025-06-09T13:13:22","guid":{"rendered":"https:\/\/www.linov.pt\/pt\/politica-de-cookies-ue\/"},"modified":"2025-06-26T13:51:06","modified_gmt":"2025-06-26T13:51:06","slug":"politica-de-cookies-ue","status":"publish","type":"page","link":"https:\/\/www.linov.pt\/pt\/politica-de-cookies-ue\/","title":{"rendered":"Pol\u00edtica de Cookies (UE)"},"content":{"rendered":"\n<style type=\"text\/css\" data-created_by=\"avia_inline_auto\" id=\"style-css-av-mbz91qa0-69726af650192a8f45eb47d230f64473\">\n#top .av-special-heading.av-mbz91qa0-69726af650192a8f45eb47d230f64473{\npadding-bottom:10px;\n}\nbody .av-special-heading.av-mbz91qa0-69726af650192a8f45eb47d230f64473 .av-special-heading-tag .heading-char{\nfont-size:25px;\n}\n.av-special-heading.av-mbz91qa0-69726af650192a8f45eb47d230f64473 .av-subheading{\nfont-size:15px;\n}\n<\/style>\n<div  class='av-special-heading av-mbz91qa0-69726af650192a8f45eb47d230f64473 av-special-heading-h1 blockquote modern-quote  avia-builder-el-0  el_before_av_textblock  avia-builder-el-first '><h1 class='av-special-heading-tag '  itemprop=\"headline\"  >Pol\u00edtica de Cookies \u2013 Linov<\/h1><div class=\"special-heading-border\"><div class=\"special-heading-inner-border\"><\/div><\/div><\/div>\n<section  class='av_textblock_section av-mbz91zgm-1a67d09d45c28e07650ba5d95e05366d '   itemscope=\"itemscope\" itemtype=\"https:\/\/schema.org\/CreativeWork\" ><div class='avia_textblock av_inherit_color'  itemprop=\"text\" ><p data-start=\"336\" data-end=\"630\">A presente Pol\u00edtica de Cookies refletir\u00e1 a utiliza\u00e7\u00e3o que fazemos dos cookies e dispositivos semelhantes dos nossos clientes e utilizadores. A utiliza\u00e7\u00e3o de cookies pode estar relacionada com o tratamento de dados pessoais, pelo que recomendamos a consulta da nossa Pol\u00edtica de Privacidade, dispon\u00edvel no nosso website\u00a0<strong>Linov\u00a0<\/strong>(marca da\u00a0<strong>RP Industries, S.A.<\/strong>).<br \/>\nPontualmente, esta Pol\u00edtica de Cookies poder\u00e1 sofrer atualiza\u00e7\u00f5es para que reflita, por exemplo, altera\u00e7\u00f5es nas nossas pr\u00e1ticas ou por outras raz\u00f5es operacionais, legais ou regulat\u00f3rias.<br \/>\nA marca \u201cLinov\u201d ocupa-se do armazenamento da informa\u00e7\u00e3o contida nas cookies, cujos esclarecimentos poder\u00e3o ser pedidos para o endere\u00e7o eletr\u00f3nico dados.pessoais@rpi.pt. Al\u00e9m de cookies gerados pela pr\u00f3pria marca, existem \u201cCookies de terceiros\u201d, geridos por prestadores de servi\u00e7os externos \u00e0 marca (p.e. Facebook, Google).<\/p>\n<\/div><\/section>\n\n<style type=\"text\/css\" data-created_by=\"avia_inline_auto\" id=\"style-css-av-mbz927nd-563ee2b8089252fdd295b743ad143435\">\n#top .av-special-heading.av-mbz927nd-563ee2b8089252fdd295b743ad143435{\npadding-bottom:10px;\n}\nbody .av-special-heading.av-mbz927nd-563ee2b8089252fdd295b743ad143435 .av-special-heading-tag .heading-char{\nfont-size:25px;\n}\n.av-special-heading.av-mbz927nd-563ee2b8089252fdd295b743ad143435 .av-subheading{\nfont-size:15px;\n}\n<\/style>\n<div  class='av-special-heading av-mbz927nd-563ee2b8089252fdd295b743ad143435 av-special-heading-h2 blockquote modern-quote  avia-builder-el-2  el_after_av_textblock  el_before_av_textblock '><h2 class='av-special-heading-tag '  itemprop=\"headline\"  >O que s\u00e3o cookies?<\/h2><div class=\"special-heading-border\"><div class=\"special-heading-inner-border\"><\/div><\/div><\/div>\n<section  class='av_textblock_section av-mbz92j3u-1377b7f2e7d4f89c6b72bd2a8a07136c '   itemscope=\"itemscope\" itemtype=\"https:\/\/schema.org\/CreativeWork\" ><div class='avia_textblock av_inherit_color'  itemprop=\"text\" ><p><span style=\"font-family: inherit;\">Os cookies s\u00e3o pequenos ficheiros de texto enviados para o seu computador ou dispositivo m\u00f3vel quando visita websites, permitindo-nos armazenar e recuperar informa\u00e7\u00e3o sobre os seus h\u00e1bitos de navega\u00e7\u00e3o por forma a personalizar a navega\u00e7\u00e3o de acordo com as suas prefer\u00eancias, oferecendo continuamente uma excelente experi\u00eancia de utiliza\u00e7\u00e3o no nosso website.<\/span><\/p>\n<\/div><\/section>\n\n<style type=\"text\/css\" data-created_by=\"avia_inline_auto\" id=\"style-css-av-mbz92rzm-2959360e422ae0fdadb415c19972e25b\">\n#top .av-special-heading.av-mbz92rzm-2959360e422ae0fdadb415c19972e25b{\npadding-bottom:10px;\n}\nbody .av-special-heading.av-mbz92rzm-2959360e422ae0fdadb415c19972e25b .av-special-heading-tag .heading-char{\nfont-size:25px;\n}\n.av-special-heading.av-mbz92rzm-2959360e422ae0fdadb415c19972e25b .av-subheading{\nfont-size:15px;\n}\n<\/style>\n<div  class='av-special-heading av-mbz92rzm-2959360e422ae0fdadb415c19972e25b av-special-heading-h2 blockquote modern-quote  avia-builder-el-4  el_after_av_textblock  el_before_av_textblock '><h2 class='av-special-heading-tag '  itemprop=\"headline\"  >Que tipos de cookies utilizamos?<\/h2><div class=\"special-heading-border\"><div class=\"special-heading-inner-border\"><\/div><\/div><\/div>\n<section  class='av_textblock_section av-mbz93l3l-9953221a8697309aff9eaddb61164689 '   itemscope=\"itemscope\" itemtype=\"https:\/\/schema.org\/CreativeWork\" ><div class='avia_textblock av_inherit_color'  itemprop=\"text\" ><p data-start=\"153\" data-end=\"213\">O nosso website pode utilizar os seguintes tipos de cookies:<br \/>\n\u2022 Cookies estritamente necess\u00e1rios:<br \/>\nS\u00e3o necess\u00e1rios para o funcionamento da navega\u00e7\u00e3o na p\u00e1gina\u202fweb, n\u00e3o podendo ser desativados nos nossos sistemas. Pode bloquear a presen\u00e7a destes\u202fcookies, embora, algumas partes da p\u00e1gina\u202fweb\u202fpossam deixar de funcionar. Estes\u202fcookies\u202fn\u00e3o armazenam qualquer informa\u00e7\u00e3o pessoal identific\u00e1vel.<br \/>\n\u2022 Cookies prefer\u00eancias ou de personaliza\u00e7\u00e3o:<br \/>\nViabilizam o acesso ao servi\u00e7o com resultados personalizados, recordando caracter\u00edsticas predefinidas como, por exemplo, o idioma do utilizador, o tipo de navegador atrav\u00e9s do qual acede ao servi\u00e7o, a localiza\u00e7\u00e3o a partir da qual acede \u00e0 p\u00e1gina web, etc.<br \/>\n\u2022 Cookies de an\u00e1lise:<br \/>\nPermitem-nos quantificar o n\u00famero de utilizadores e, assim, efetuar a medi\u00e7\u00e3o e a an\u00e1lise estat\u00edstica da utiliza\u00e7\u00e3o feita da plataforma.<br \/>\n\u2022 Cookies de publicidade ou marketing:<br \/>\nVisam a an\u00e1lise dos seus h\u00e1bitos de navega\u00e7\u00e3o na nossa p\u00e1gina web,\u202fpara que lhe possamos enviar publicidade relacionada com o seu perfil.<br \/>\n\u2022 Cookies de redes sociais:<br \/>\nS\u00e3o\u202f definidos por v\u00e1rios servi\u00e7os de redes sociais, que adicion\u00e1mos \u00e0 p\u00e1gina\u202fweb, para lhe permitir partilhar o nosso conte\u00fado com os seus amigos e redes.<\/p>\n<\/div><\/section>\n\n<style type=\"text\/css\" data-created_by=\"avia_inline_auto\" id=\"style-css-av-mbz94dwj-2daca7df701fdc1538e899e019319fdc\">\n#top .av-special-heading.av-mbz94dwj-2daca7df701fdc1538e899e019319fdc{\npadding-bottom:10px;\n}\nbody .av-special-heading.av-mbz94dwj-2daca7df701fdc1538e899e019319fdc .av-special-heading-tag .heading-char{\nfont-size:25px;\n}\n.av-special-heading.av-mbz94dwj-2daca7df701fdc1538e899e019319fdc .av-subheading{\nfont-size:15px;\n}\n<\/style>\n<div  class='av-special-heading av-mbz94dwj-2daca7df701fdc1538e899e019319fdc av-special-heading-h2 blockquote modern-quote  avia-builder-el-6  el_after_av_textblock  el_before_av_textblock '><h2 class='av-special-heading-tag '  itemprop=\"headline\"  >Cookies pr\u00f3prios e de terceiros<\/h2><div class=\"special-heading-border\"><div class=\"special-heading-inner-border\"><\/div><\/div><\/div>\n<section  class='av_textblock_section av-mbz94m5k-d33cee480ce9a3b1bb0747344ff6459f '   itemscope=\"itemscope\" itemtype=\"https:\/\/schema.org\/CreativeWork\" ><div class='avia_textblock av_inherit_color'  itemprop=\"text\" ><p data-start=\"1451\" data-end=\"1500\">Os cookies utilizados no nosso website podem ser:<\/p>\n<ul data-start=\"1501\" data-end=\"1737\">\n<li data-start=\"1501\" data-end=\"1557\">\n<p data-start=\"1503\" data-end=\"1557\"><strong data-start=\"1503\" data-end=\"1524\">Cookies pr\u00f3prios:<\/strong> definidos pelo dom\u00ednio linov.pt.<\/p>\n<\/li>\n<li data-start=\"1558\" data-end=\"1737\">\n<p data-start=\"1560\" data-end=\"1737\"><strong data-start=\"1560\" data-end=\"1585\">Cookies de terceiros:<\/strong> definidos por dom\u00ednios diferentes, utilizados por parceiros para fornecer servi\u00e7os como an\u00e1lise estat\u00edstica de visitas ou funcionalidades de marketing.<\/p>\n<\/li>\n<\/ul>\n<\/div><\/section>\n\n<style type=\"text\/css\" data-created_by=\"avia_inline_auto\" id=\"style-css-av-mbz951ri-8ea80bb69ac94845c2bdcded8f79d916\">\n#top .av-special-heading.av-mbz951ri-8ea80bb69ac94845c2bdcded8f79d916{\npadding-bottom:10px;\n}\nbody .av-special-heading.av-mbz951ri-8ea80bb69ac94845c2bdcded8f79d916 .av-special-heading-tag .heading-char{\nfont-size:25px;\n}\n.av-special-heading.av-mbz951ri-8ea80bb69ac94845c2bdcded8f79d916 .av-subheading{\nfont-size:15px;\n}\n<\/style>\n<div  class='av-special-heading av-mbz951ri-8ea80bb69ac94845c2bdcded8f79d916 av-special-heading-h2 blockquote modern-quote  avia-builder-el-8  el_after_av_textblock  el_before_av_textblock '><h2 class='av-special-heading-tag '  itemprop=\"headline\"  >Gest\u00e3o de cookies<\/h2><div class=\"special-heading-border\"><div class=\"special-heading-inner-border\"><\/div><\/div><\/div>\n<section  class='av_textblock_section av-31t2vu-72d0c51e105f58f4ad17e6ed3a2e76f3 '   itemscope=\"itemscope\" itemtype=\"https:\/\/schema.org\/CreativeWork\" ><div class='avia_textblock av_inherit_color'  itemprop=\"text\" ><p data-start=\"1451\" data-end=\"1500\">Pode configurar ou desativar os cookies atrav\u00e9s do <strong data-start=\"2416\" data-end=\"2443\">banner de consentimento<\/strong> exibido na sua primeira visita ao nosso site, ou ajustar as suas prefer\u00eancias em qualquer momento aqui:<\/p>\n<\/div><\/section>\n\n\n<style type=\"text\/css\" data-created_by=\"avia_inline_auto\" id=\"style-css-av-mbz9h41g-3fda56e4f329d81b1c8125e7302e43b6\">\n#top .av-special-heading.av-mbz9h41g-3fda56e4f329d81b1c8125e7302e43b6{\npadding-bottom:10px;\n}\nbody .av-special-heading.av-mbz9h41g-3fda56e4f329d81b1c8125e7302e43b6 .av-special-heading-tag .heading-char{\nfont-size:25px;\n}\n.av-special-heading.av-mbz9h41g-3fda56e4f329d81b1c8125e7302e43b6 .av-subheading{\nfont-size:15px;\n}\n<\/style>\n<div  class='av-special-heading av-mbz9h41g-3fda56e4f329d81b1c8125e7302e43b6 av-special-heading-h2 blockquote modern-quote  avia-builder-el-11  el_after_av_codeblock  el_before_av_textblock '><h2 class='av-special-heading-tag '  itemprop=\"headline\"  > Altera\u00e7\u00f5es \u00e0 Pol\u00edtica<\/h2><div class=\"special-heading-border\"><div class=\"special-heading-inner-border\"><\/div><\/div><\/div>\n<section  class='av_textblock_section av-mbz95ipu-179ea420bf828ae7e47b2b63c6b768dd '   itemscope=\"itemscope\" itemtype=\"https:\/\/schema.org\/CreativeWork\" ><div class='avia_textblock av_inherit_color'  itemprop=\"text\" ><p data-start=\"1451\" data-end=\"1500\">Poderemos atualizar esta Pol\u00edtica de Cookies periodicamente para refletir altera\u00e7\u00f5es nos cookies utilizados ou por motivos legais. Recomendamos que reveja esta pol\u00edtica regularmente.<\/p>\n<\/div><\/section>\n\n<style type=\"text\/css\" data-created_by=\"avia_inline_auto\" id=\"style-css-av-mbz9hh1x-815520ddc52059562a20b43dc201a7c6\">\n#top .av-special-heading.av-mbz9hh1x-815520ddc52059562a20b43dc201a7c6{\npadding-bottom:10px;\n}\nbody .av-special-heading.av-mbz9hh1x-815520ddc52059562a20b43dc201a7c6 .av-special-heading-tag .heading-char{\nfont-size:25px;\n}\n.av-special-heading.av-mbz9hh1x-815520ddc52059562a20b43dc201a7c6 .av-subheading{\nfont-size:15px;\n}\n<\/style>\n<div  class='av-special-heading av-mbz9hh1x-815520ddc52059562a20b43dc201a7c6 av-special-heading-h2 blockquote modern-quote  avia-builder-el-13  el_after_av_textblock  el_before_av_textblock '><h2 class='av-special-heading-tag '  itemprop=\"headline\"  >Contacto<\/h2><div class=\"special-heading-border\"><div class=\"special-heading-inner-border\"><\/div><\/div><\/div>\n<section  class='av_textblock_section av-mbz9hwi1-2da66d78b16a0093e1bd23ea71384845 '   itemscope=\"itemscope\" itemtype=\"https:\/\/schema.org\/CreativeWork\" ><div class='avia_textblock av_inherit_color'  itemprop=\"text\" ><p data-start=\"1451\" data-end=\"1500\">Se tiver d\u00favidas sobre esta Pol\u00edtica de Cookies, pode contactar-nos:<br data-start=\"3558\" data-end=\"3561\" \/><strong data-start=\"3561\" data-end=\"3584\">RP Industries, S.A.<\/strong><br data-start=\"3584\" data-end=\"3587\" \/>Email: <u><a href=\"mailto:dados.pessoais@rpi.pt\">dados.pessoais@rpi.pt<\/a><\/u><br data-start=\"3608\" data-end=\"3611\" \/>Telefone: 253 689 500 (chamada para rede fixa nacional)<\/p>\n<\/div><\/section>\n","protected":false},"excerpt":{"rendered":"","protected":false},"author":1,"featured_media":0,"parent":0,"menu_order":0,"comment_status":"closed","ping_status":"closed","template":"","meta":{"footnotes":""},"class_list":["post-4906","page","type-page","status-publish","hentry"],"yoast_head":"<!-- This site is optimized with the Yoast SEO plugin v25.4 - https:\/\/yoast.com\/wordpress\/plugins\/seo\/ -->\n<title>Pol\u00edtica de Cookies (UE) - Linov<\/title>\n<meta name=\"robots\" content=\"index, follow, max-snippet:-1, max-image-preview:large, max-video-preview:-1\" \/>\n<link rel=\"canonical\" href=\"https:\/\/www.linov.pt\/pt\/politica-de-cookies-ue\/\" \/>\n<meta property=\"og:locale\" content=\"pt_PT\" \/>\n<meta property=\"og:type\" content=\"article\" \/>\n<meta property=\"og:title\" content=\"Pol\u00edtica de Cookies (UE) - Linov\" \/>\n<meta property=\"og:url\" content=\"https:\/\/www.linov.pt\/pt\/politica-de-cookies-ue\/\" \/>\n<meta property=\"og:site_name\" content=\"Linov\" \/>\n<meta property=\"article:modified_time\" content=\"2025-06-26T13:51:06+00:00\" \/>\n<meta name=\"twitter:card\" content=\"summary_large_image\" \/>\n<meta name=\"twitter:label1\" content=\"Tempo estimado de leitura\" \/>\n\t<meta name=\"twitter:data1\" content=\"14 minutos\" \/>\n<script type=\"application\/ld+json\" class=\"yoast-schema-graph\">{\"@context\":\"https:\/\/schema.org\",\"@graph\":[{\"@type\":\"WebPage\",\"@id\":\"https:\/\/www.linov.pt\/pt\/politica-de-cookies-ue\/\",\"url\":\"https:\/\/www.linov.pt\/pt\/politica-de-cookies-ue\/\",\"name\":\"Pol\u00edtica de Cookies (UE) - Linov\",\"isPartOf\":{\"@id\":\"https:\/\/www.linov.pt\/pt\/#website\"},\"datePublished\":\"2025-06-09T13:13:22+00:00\",\"dateModified\":\"2025-06-26T13:51:06+00:00\",\"breadcrumb\":{\"@id\":\"https:\/\/www.linov.pt\/pt\/politica-de-cookies-ue\/#breadcrumb\"},\"inLanguage\":\"pt-PT\",\"potentialAction\":[{\"@type\":\"ReadAction\",\"target\":[\"https:\/\/www.linov.pt\/pt\/politica-de-cookies-ue\/\"]}]},{\"@type\":\"BreadcrumbList\",\"@id\":\"https:\/\/www.linov.pt\/pt\/politica-de-cookies-ue\/#breadcrumb\",\"itemListElement\":[{\"@type\":\"ListItem\",\"position\":1,\"name\":\"In\u00edcio\",\"item\":\"https:\/\/www.linov.pt\/pt\/linov\/\"},{\"@type\":\"ListItem\",\"position\":2,\"name\":\"Pol\u00edtica de Cookies (UE)\"}]},{\"@type\":\"WebSite\",\"@id\":\"https:\/\/www.linov.pt\/pt\/#website\",\"url\":\"https:\/\/www.linov.pt\/pt\/\",\"name\":\"Linov\",\"description\":\"A vida e a cor da sua piscina\",\"potentialAction\":[{\"@type\":\"SearchAction\",\"target\":{\"@type\":\"EntryPoint\",\"urlTemplate\":\"https:\/\/www.linov.pt\/pt\/?s={search_term_string}\"},\"query-input\":{\"@type\":\"PropertyValueSpecification\",\"valueRequired\":true,\"valueName\":\"search_term_string\"}}],\"inLanguage\":\"pt-PT\"}]}<\/script>\n<!-- \/ Yoast SEO plugin. -->","yoast_head_json":{"title":"Pol\u00edtica de Cookies (UE) - Linov","robots":{"index":"index","follow":"follow","max-snippet":"max-snippet:-1","max-image-preview":"max-image-preview:large","max-video-preview":"max-video-preview:-1"},"canonical":"https:\/\/www.linov.pt\/pt\/politica-de-cookies-ue\/","og_locale":"pt_PT","og_type":"article","og_title":"Pol\u00edtica de Cookies (UE) - Linov","og_url":"https:\/\/www.linov.pt\/pt\/politica-de-cookies-ue\/","og_site_name":"Linov","article_modified_time":"2025-06-26T13:51:06+00:00","twitter_card":"summary_large_image","twitter_misc":{"Tempo estimado de leitura":"14 minutos"},"schema":{"@context":"https:\/\/schema.org","@graph":[{"@type":"WebPage","@id":"https:\/\/www.linov.pt\/pt\/politica-de-cookies-ue\/","url":"https:\/\/www.linov.pt\/pt\/politica-de-cookies-ue\/","name":"Pol\u00edtica de Cookies (UE) - Linov","isPartOf":{"@id":"https:\/\/www.linov.pt\/pt\/#website"},"datePublished":"2025-06-09T13:13:22+00:00","dateModified":"2025-06-26T13:51:06+00:00","breadcrumb":{"@id":"https:\/\/www.linov.pt\/pt\/politica-de-cookies-ue\/#breadcrumb"},"inLanguage":"pt-PT","potentialAction":[{"@type":"ReadAction","target":["https:\/\/www.linov.pt\/pt\/politica-de-cookies-ue\/"]}]},{"@type":"BreadcrumbList","@id":"https:\/\/www.linov.pt\/pt\/politica-de-cookies-ue\/#breadcrumb","itemListElement":[{"@type":"ListItem","position":1,"name":"In\u00edcio","item":"https:\/\/www.linov.pt\/pt\/linov\/"},{"@type":"ListItem","position":2,"name":"Pol\u00edtica de Cookies (UE)"}]},{"@type":"WebSite","@id":"https:\/\/www.linov.pt\/pt\/#website","url":"https:\/\/www.linov.pt\/pt\/","name":"Linov","description":"A vida e a cor da sua piscina","potentialAction":[{"@type":"SearchAction","target":{"@type":"EntryPoint","urlTemplate":"https:\/\/www.linov.pt\/pt\/?s={search_term_string}"},"query-input":{"@type":"PropertyValueSpecification","valueRequired":true,"valueName":"search_term_string"}}],"inLanguage":"pt-PT"}]}},"_links":{"self":[{"href":"https:\/\/www.linov.pt\/pt\/wp-json\/wp\/v2\/pages\/4906","targetHints":{"allow":["GET"]}}],"collection":[{"href":"https:\/\/www.linov.pt\/pt\/wp-json\/wp\/v2\/pages"}],"about":[{"href":"https:\/\/www.linov.pt\/pt\/wp-json\/wp\/v2\/types\/page"}],"author":[{"embeddable":true,"href":"https:\/\/www.linov.pt\/pt\/wp-json\/wp\/v2\/users\/1"}],"replies":[{"embeddable":true,"href":"https:\/\/www.linov.pt\/pt\/wp-json\/wp\/v2\/comments?post=4906"}],"version-history":[{"count":8,"href":"https:\/\/www.linov.pt\/pt\/wp-json\/wp\/v2\/pages\/4906\/revisions"}],"predecessor-version":[{"id":5108,"href":"https:\/\/www.linov.pt\/pt\/wp-json\/wp\/v2\/pages\/4906\/revisions\/5108"}],"wp:attachment":[{"href":"https:\/\/www.linov.pt\/pt\/wp-json\/wp\/v2\/media?parent=4906"}],"curies":[{"name":"wp","href":"https:\/\/api.w.org\/{rel}","templated":true}]}}