{"id":632,"date":"2017-02-02T14:27:30","date_gmt":"2017-02-02T14:27:30","guid":{"rendered":"http:\/\/test.kriesi.at\/enfold-2017\/?page_id=632"},"modified":"2025-08-22T15:40:55","modified_gmt":"2025-08-22T15:40:55","slug":"contacts","status":"publish","type":"page","link":"https:\/\/www.linov.pt\/fr\/contacts\/","title":{"rendered":"Contacts"},"content":{"rendered":"\n<\/div><\/div><\/div><!-- close content main div --><\/div><\/div>\n<style type=\"text\/css\" data-created_by=\"avia_inline_auto\" id=\"style-css-av-3a2ukw-27b0aa8848be98f4bf545c96967ce2e5\">\n.avia-section.av-3a2ukw-27b0aa8848be98f4bf545c96967ce2e5 .av-extra-border-element .av-extra-border-inner{\nbackground-color:#ffffff;\n}\n<\/style>\n<div id='av_section_1'  class='avia-section av-3a2ukw-27b0aa8848be98f4bf545c96967ce2e5 main_color avia-section-large avia-no-border-styling  avia-builder-el-1  el_after_av_codeblock  el_before_av_section  avia-bg-style-scroll av-arrow-down-section container_wrap sidebar_right'  ><div class='container av-section-cont-open' ><div class='template-page content  av-content-small alpha units'><div class='post-entry post-entry-type-page post-entry-632'><div class='entry-content-wrapper clearfix'>\n\n<style type=\"text\/css\" data-created_by=\"avia_inline_auto\" id=\"style-css-av-309naw-9f4eca2e838a16b7ec32d4fd19230079\">\n#top .av-special-heading.av-309naw-9f4eca2e838a16b7ec32d4fd19230079{\npadding-bottom:20px;\nfont-size:40px;\n}\nbody .av-special-heading.av-309naw-9f4eca2e838a16b7ec32d4fd19230079 .av-special-heading-tag .heading-char{\nfont-size:25px;\n}\n#top #wrap_all .av-special-heading.av-309naw-9f4eca2e838a16b7ec32d4fd19230079 .av-special-heading-tag{\nfont-size:40px;\n}\n.av-special-heading.av-309naw-9f4eca2e838a16b7ec32d4fd19230079 .av-subheading{\nfont-size:15px;\n}\n\n@media only screen and (min-width: 480px) and (max-width: 767px){ \n#top #wrap_all .av-special-heading.av-309naw-9f4eca2e838a16b7ec32d4fd19230079 .av-special-heading-tag{\nfont-size:0.8em;\n}\n}\n\n@media only screen and (max-width: 479px){ \n#top #wrap_all .av-special-heading.av-309naw-9f4eca2e838a16b7ec32d4fd19230079 .av-special-heading-tag{\nfont-size:0.8em;\n}\n}\n<\/style>\n<div  class='av-special-heading av-309naw-9f4eca2e838a16b7ec32d4fd19230079 av-special-heading-h2 blockquote modern-quote  avia-builder-el-2  el_before_av_one_half  avia-builder-el-first  av-inherit-size'><h2 class='av-special-heading-tag '  itemprop=\"headline\"  >Contactez-nous<\/h2><div class=\"special-heading-border\"><div class=\"special-heading-inner-border\"><\/div><\/div><\/div>\n\n<style type=\"text\/css\" data-created_by=\"avia_inline_auto\" id=\"style-css-av-12kls-ee7e1156934a7be7e5e8dc8fbd4f3712\">\n.flex_column.av-12kls-ee7e1156934a7be7e5e8dc8fbd4f3712{\nborder-radius:0px 0px 0px 0px;\npadding:0px 0px 0px 0px;\n}\n<\/style>\n<div  class='flex_column av-12kls-ee7e1156934a7be7e5e8dc8fbd4f3712 av_one_half  avia-builder-el-3  el_after_av_heading  el_before_av_one_half  first flex_column_div av-zero-column-padding  '     ><form action=\"https:\/\/www.linov.pt\/fr\/contacts\/\" method=\"post\" data-fields-with-error=\"Found errors in the following field(s):\" class=\"avia_ajax_form av-form-labels-hidden   avia-builder-el-4  avia-builder-el-no-sibling   \" data-avia-form-id=\"1\" data-avia-redirect=''  aria-label='Contact Form' ><fieldset><p class='  first_form  form_element form_element_half' id='element_avia_1_1'><label for=\"avia_1_1\">Nom <abbr class=\"required\" title=\"required\">*<\/abbr><\/label> <input name=\"avia_1_1\" class=\"text_input is_empty\" type=\"text\" id=\"avia_1_1\" value=\"\"  placeholder='Nom*'\/><\/p><p class='  form_element form_element_half' id='element_avia_2_1'><label for=\"avia_2_1\">E-Mail <abbr class=\"required\" title=\"required\">*<\/abbr><\/label> <input name=\"avia_2_1\" class=\"text_input is_email\" type=\"text\" id=\"avia_2_1\" value=\"\"  placeholder='E-Mail*'\/><\/p><p class='  first_form  form_element form_fullwidth' id='element_avia_3_1'><label for=\"avia_3_1\">Objet <abbr class=\"required\" title=\"required\">*<\/abbr><\/label> <input name=\"avia_3_1\" class=\"text_input is_empty\" type=\"text\" id=\"avia_3_1\" value=\"\"  placeholder='Objet*'\/><\/p><p class='  first_form  form_element form_fullwidth' id='element_avia_4_1'><label for=\"avia_4_1\" class=\"textare_label hidden textare_label_avia_4_1\">Message <abbr class=\"required\" title=\"required\">*<\/abbr><\/label><textarea  placeholder='Message*' name=\"avia_4_1\" class=\"text_area is_empty\" cols=\"40\" rows=\"7\" id=\"avia_4_1\" ><\/textarea><\/p><p class='  first_form  form_element form_fullwidth' id='element_avia_5_1'><input  name=\"avia_5_1\" class=\"input_checkbox is_empty\" type=\"checkbox\" id=\"avia_5_1\" value=\"true\"\/><label class=\"input_checkbox_label\" for=\"avia_5_1\">J\u2019ai lu et j\u2019accepte la <a href=\"https:\/\/www.linov.pt\/fr\/politique-de-confidentialite\/\" target=\"_blank\">Politique de Confidentialit\u00e9<\/a> <abbr class=\"required\" title=\"required\">*<\/abbr><\/label><\/p><p class=\"hidden\"><input type=\"text\" name=\"avia_6_1\" class=\"hidden \" id=\"avia_6_1\" value=\"\" \/><\/p><p class='   form_element form_fullwidth' id='element_avia_7_1'><span class='value_verifier_label'>4 + 1 = ?<\/span><input name=\"avia_7_1_verifier\" type=\"hidden\" id=\"avia_7_1_verifier\" value=\"257686357\"\/><label for=\"avia_7_1\">Please prove that you are human by solving the equation <abbr class=\"required\" title=\"required\">*<\/abbr><\/label><input name=\"avia_7_1\" class=\"text_input captcha\" type=\"text\" id=\"avia_7_1\" value=\"\"\/><\/p><p class=\"form_element \"><input type=\"hidden\" value=\"1\" name=\"avia_generated_form1\" \/><input type=\"submit\" value=\"Envoyer\" class=\"button\"  data-sending-label=\"Sending\"\/><\/p><\/fieldset><\/form><div id=\"ajaxresponse_1\" class=\"ajaxresponse ajaxresponse_1 hidden\"><\/div><\/div>\n<style type=\"text\/css\" data-created_by=\"avia_inline_auto\" id=\"style-css-av-6xgfc-d4c5645f995a843f608e7112147b3d7b\">\n.flex_column.av-6xgfc-d4c5645f995a843f608e7112147b3d7b{\nborder-radius:0px 0px 0px 0px;\npadding:0px 0px 0px 0px;\n}\n<\/style>\n<div  class='flex_column av-6xgfc-d4c5645f995a843f608e7112147b3d7b av_one_half  avia-builder-el-5  el_after_av_one_half  avia-builder-el-last  flex_column_div av-zero-column-padding  '     ><section  class='av_textblock_section av-mbevu9qn-a6d1436c4c0a97751d2e27ab1228fb7e '   itemscope=\"itemscope\" itemtype=\"https:\/\/schema.org\/CreativeWork\" ><div class='avia_textblock'  itemprop=\"text\" ><section class=\"av_textblock_section av-14575y-c2f3f3795fb4b000c216b8fe60c810d3 \">\n<div class=\"avia_textblock av_inherit_color\">\n<h6>ADRESSE :<\/h6>\n<\/div>\n<\/section>\n<section class=\"av_textblock_section av-ypj6m-6b76d67a8dc7ba3568d63093285811ae \">\n<div class=\"avia_textblock av_inherit_color\"><\/div>\n<\/section>\n<\/div><\/section><br \/>\n<section  class='av_textblock_section av-1t8r9s-0a00fb8d488dac04aac5909d3b6c2404 '   itemscope=\"itemscope\" itemtype=\"https:\/\/schema.org\/CreativeWork\" ><div class='avia_textblock'  itemprop=\"text\" ><p>Parque Industrial de Sobreposta<br \/>\nRua da Piscina, n. 70<br \/>\n4715-553 \u2013 Braga<\/p>\n<h4><\/h4>\n<\/div><\/section><br \/>\n<section  class='av_textblock_section av-mbevv03u-93838e2611aa4f4c15f76c4c4551059e '   itemscope=\"itemscope\" itemtype=\"https:\/\/schema.org\/CreativeWork\" ><div class='avia_textblock'  itemprop=\"text\" ><h6>CONTACT:<\/h6>\n<\/div><\/section><br \/>\n<section  class='av_textblock_section av-mbevv8h5-d136b9008376532f30e214ccec9ea596 '   itemscope=\"itemscope\" itemtype=\"https:\/\/schema.org\/CreativeWork\" ><div class='avia_textblock'  itemprop=\"text\" ><p>Tel. +351 253 689 500<br \/>\n(Appel vers le r\u00e9seau fixe national)<\/p>\n<section class=\"av_textblock_section av-jl23q-ebb9660f704f47c73a086da08abe94b5 \">\n<div class=\"avia_textblock av_inherit_color\">\n<h4><\/h4>\n<\/div>\n<\/section>\n<section class=\"av_textblock_section av-1kuge-85b370da046c58c9a904a9b611c663a6 \">\n<div class=\"avia_textblock av_inherit_color\"><\/div>\n<\/section>\n<h4><\/h4>\n<\/div><\/section><br \/>\n<section  class='av_textblock_section av-mbevvv4x-3001020982c4f05b57032fd90a8ec011 '   itemscope=\"itemscope\" itemtype=\"https:\/\/schema.org\/CreativeWork\" ><div class='avia_textblock'  itemprop=\"text\" ><h6>E-MAIL:<\/h6>\n<\/div><\/section><br \/>\n<section  class='av_textblock_section av-mbevvo8c-f6ef96c27756edd96315f930cfa15d60 '   itemscope=\"itemscope\" itemtype=\"https:\/\/schema.org\/CreativeWork\" ><div class='avia_textblock av_inherit_color'  itemprop=\"text\" ><p><a href=\"mailto:info@rpi.pt\" target=\"_blank\" rel=\"noopener\">info@linov.pt<\/a><\/p>\n<h4><\/h4>\n<\/div><\/section><\/p><\/div><\/div><\/div><\/div><!-- close content main div --><\/div><div class='av-extra-border-element border-extra-arrow-down'><div class='av-extra-border-outer'><div class='av-extra-border-inner'><\/div><\/div><\/div><\/div>\n<style type=\"text\/css\" data-created_by=\"avia_inline_auto\" id=\"style-css-av-1m9dw0-3e61a737cdd454085b67156a3e92044b\">\n.avia-section.av-1m9dw0-3e61a737cdd454085b67156a3e92044b{\nbackground-repeat:no-repeat;\nbackground-image:url(https:\/\/www.linov.pt\/fr\/wp-content\/uploads\/2025\/06\/sede_rpi_02-scaled.png);\nbackground-position:100% 50%;\nbackground-attachment:fixed;\n}\n.avia-section.av-1m9dw0-3e61a737cdd454085b67156a3e92044b .av-section-color-overlay{\nopacity:0.9;\nbackground-color:#35383c;\n}\n<\/style>\n<div id='newsletter'  class='avia-section av-1m9dw0-3e61a737cdd454085b67156a3e92044b main_color avia-section-huge avia-no-border-styling  avia-builder-el-12  el_after_av_section  avia-builder-el-last  avia-full-stretch avia-bg-style-fixed av-section-color-overlay-active container_wrap sidebar_right'  data-section-bg-repeat='stretch'><div class=\"av-section-color-overlay-wrap\"><div class=\"av-section-color-overlay\"><\/div><div class='container av-section-cont-open' ><div class='template-page content  av-content-small alpha units'><div class='post-entry post-entry-type-page post-entry-632'><div class='entry-content-wrapper clearfix'>\n\n<style type=\"text\/css\" data-created_by=\"avia_inline_auto\" id=\"style-css-av-mbexsdz4-197f5d3b82f80152ffdf84a40070dbf6\">\n#top .av-special-heading.av-mbexsdz4-197f5d3b82f80152ffdf84a40070dbf6{\npadding-bottom:20px;\ncolor:#ffffff;\nfont-size:60px;\n}\nbody .av-special-heading.av-mbexsdz4-197f5d3b82f80152ffdf84a40070dbf6 .av-special-heading-tag .heading-char{\nfont-size:25px;\n}\n#top #wrap_all .av-special-heading.av-mbexsdz4-197f5d3b82f80152ffdf84a40070dbf6 .av-special-heading-tag{\nfont-size:60px;\n}\n.av-special-heading.av-mbexsdz4-197f5d3b82f80152ffdf84a40070dbf6 .special-heading-inner-border{\nborder-color:#ffffff;\n}\n.av-special-heading.av-mbexsdz4-197f5d3b82f80152ffdf84a40070dbf6 .av-subheading{\nfont-size:15px;\n}\n\n@media only screen and (min-width: 480px) and (max-width: 767px){ \n#top #wrap_all .av-special-heading.av-mbexsdz4-197f5d3b82f80152ffdf84a40070dbf6 .av-special-heading-tag{\nfont-size:0.8em;\n}\n}\n\n@media only screen and (max-width: 479px){ \n#top #wrap_all .av-special-heading.av-mbexsdz4-197f5d3b82f80152ffdf84a40070dbf6 .av-special-heading-tag{\nfont-size:0.8em;\n}\n}\n<\/style>\n<div  class='av-special-heading av-mbexsdz4-197f5d3b82f80152ffdf84a40070dbf6 av-special-heading-h1 custom-color-heading blockquote modern-quote modern-centered  avia-builder-el-13  el_before_av_one_fifth  avia-builder-el-first  av-inherit-size'><h1 class='av-special-heading-tag '  itemprop=\"headline\"  >the world is our market<\/h1><div class=\"special-heading-border\"><div class=\"special-heading-inner-border\"><\/div><\/div><\/div>\n\n<style type=\"text\/css\" data-created_by=\"avia_inline_auto\" id=\"style-css-av-1a8g8o-fb1419a09220b04b0268f124128c166d\">\n.flex_column.av-1a8g8o-fb1419a09220b04b0268f124128c166d{\nborder-radius:0px 0px 0px 0px;\npadding:0px 0px 0px 0px;\n}\n<\/style>\n<div  class='flex_column av-1a8g8o-fb1419a09220b04b0268f124128c166d av_one_fifth  avia-builder-el-14  el_after_av_heading  el_before_av_three_fifth  first flex_column_div av-animated-generic fade-in av-zero-column-padding  '     ><\/div><div  class='flex_column av-6k59c-d863a0cec3642d79d12dad06798a28fa av_three_fifth  avia-builder-el-15  el_after_av_one_fifth  el_before_av_one_fifth  flex_column_div  '     ><style type=\"text\/css\" data-created_by=\"avia_inline_auto\" id=\"style-css-av-mbextma0-464edec423791b579e0145d08de39f11\">\n#top .av_textblock_section.av-mbextma0-464edec423791b579e0145d08de39f11 .avia_textblock{\ncolor:#bfbfbf;\n}\n<\/style>\n<section  class='av_textblock_section av-mbextma0-464edec423791b579e0145d08de39f11 '   itemscope=\"itemscope\" itemtype=\"https:\/\/schema.org\/CreativeWork\" ><div class='avia_textblock av_inherit_color'  itemprop=\"text\" ><h5 style=\"text-align: center;\">Du Portugal vers le Monde avec de grandes solutions aux meilleurs prix<\/h5>\n<\/div><\/section><br \/>\n\n<style type=\"text\/css\" data-created_by=\"avia_inline_auto\" id=\"style-css-av-mbexvlm3-f8b10811c0a352085f8e6a4c302a97d0\">\n#top .av_textblock_section.av-mbexvlm3-f8b10811c0a352085f8e6a4c302a97d0 .avia_textblock{\ncolor:#bfbfbf;\n}\n<\/style>\n<section  class='av_textblock_section av-mbexvlm3-f8b10811c0a352085f8e6a4c302a97d0 '   itemscope=\"itemscope\" itemtype=\"https:\/\/schema.org\/CreativeWork\" ><div class='avia_textblock av_inherit_color'  itemprop=\"text\" ><article class=\"text-token-text-primary w-full focus:outline-none scroll-mt-&#091;calc(var(--header-height)+min(200px,max(70px,20svh)))&#093;\" dir=\"auto\" tabindex=\"-1\" data-turn-id=\"request-WEB:0d72a602-029d-404d-b450-ff4313231ed8-114\" data-testid=\"conversation-turn-228\" data-scroll-anchor=\"true\" data-turn=\"assistant\">\n<div class=\"text-base my-auto mx-auto pb-10 &#091;--thread-content-margin:--spacing(4)&#093; @&#091;37rem&#093;:&#091;--thread-content-margin:--spacing(6)&#093; @&#091;72rem&#093;:&#091;--thread-content-margin:--spacing(16)&#093; px-(--thread-content-margin)\">\n<div class=\"&#091;--thread-content-max-width:32rem&#093; @&#091;34rem&#093;:&#091;--thread-content-max-width:40rem&#093; @&#091;64rem&#093;:&#091;--thread-content-max-width:48rem&#093; mx-auto max-w-(--thread-content-max-width) flex-1 group\/turn-messages focus-visible:outline-hidden relative flex w-full min-w-0 flex-col agent-turn\" tabindex=\"-1\">\n<div class=\"flex max-w-full flex-col grow\">\n<div class=\"min-h-8 text-message relative flex w-full flex-col items-end gap-2 text-start break-words whitespace-normal &#091;.text-message+&amp;&#093;:mt-5\" dir=\"auto\" data-message-author-role=\"assistant\" data-message-id=\"5bbaefb4-b002-4858-8ab6-e42805a3b92a\" data-message-model-slug=\"gpt-5\">\n<div class=\"flex w-full flex-col gap-1 empty:hidden first:pt-&#091;3px&#093;\">\n<div class=\"markdown prose dark:prose-invert w-full break-words light markdown-new-styling\">\n<p style=\"text-align: center;\" data-start=\"189\" data-end=\"386\" data-is-last-node=\"\" data-is-only-node=\"\">La capacit\u00e9 du Groupe RPI \u00e0 offrir des solutions sur mesure est de plus en plus reconnue \u00e0 travers le monde.<\/p>\n<\/div>\n<\/div>\n<\/div>\n<\/div>\n<div class=\"flex min-h-&#091;46px&#093; justify-start\"><\/div>\n<div class=\"mt-3 w-full empty:hidden\">\n<div class=\"text-center\"><\/div>\n<\/div>\n<\/div>\n<\/div>\n<\/article>\n<div class=\"pointer-events-none h-px w-px\" style=\"text-align: center;\" aria-hidden=\"true\" data-edge=\"true\"><\/div>\n<\/div><\/section><\/p><\/div>\n<style type=\"text\/css\" data-created_by=\"avia_inline_auto\" id=\"style-css-av-bh914-bdb96bccf45c49a844d8edaafd2924a1\">\n.flex_column.av-bh914-bdb96bccf45c49a844d8edaafd2924a1{\nborder-radius:0px 0px 0px 0px;\npadding:0px 0px 0px 0px;\n}\n<\/style>\n<div  class='flex_column av-bh914-bdb96bccf45c49a844d8edaafd2924a1 av_one_fifth  avia-builder-el-18  el_after_av_three_fifth  avia-builder-el-last  flex_column_div av-animated-generic fade-in av-zero-column-padding  '     ><\/div><\/div><\/div><\/div><!-- close content main div --><\/div><\/div><\/div><div id='after_section_2'  class='main_color av_default_container_wrap container_wrap sidebar_right'  ><div class='container av-section-cont-open' ><div class='template-page content  av-content-small alpha units'><div class='post-entry post-entry-type-page post-entry-632'><div class='entry-content-wrapper clearfix'><\/p>\n","protected":false},"excerpt":{"rendered":"","protected":false},"author":1,"featured_media":0,"parent":0,"menu_order":0,"comment_status":"closed","ping_status":"closed","template":"","meta":{"footnotes":""},"class_list":["post-632","page","type-page","status-publish","hentry"],"yoast_head":"<!-- This site is optimized with the Yoast SEO plugin v25.4 - https:\/\/yoast.com\/wordpress\/plugins\/seo\/ -->\n<title>Contacts - Linov<\/title>\n<meta name=\"robots\" content=\"index, follow, max-snippet:-1, max-image-preview:large, max-video-preview:-1\" \/>\n<link rel=\"canonical\" href=\"https:\/\/www.linov.pt\/fr\/contacts\/\" \/>\n<meta property=\"og:locale\" content=\"pt_PT\" \/>\n<meta property=\"og:type\" content=\"article\" \/>\n<meta property=\"og:title\" content=\"Contacts - Linov\" \/>\n<meta property=\"og:url\" content=\"https:\/\/www.linov.pt\/fr\/contacts\/\" \/>\n<meta property=\"og:site_name\" content=\"Linov\" \/>\n<meta property=\"article:modified_time\" content=\"2025-08-22T15:40:55+00:00\" \/>\n<meta name=\"twitter:card\" content=\"summary_large_image\" \/>\n<meta name=\"twitter:label1\" content=\"Tempo estimado de leitura\" \/>\n\t<meta name=\"twitter:data1\" content=\"1 minuto\" \/>\n<script type=\"application\/ld+json\" class=\"yoast-schema-graph\">{\"@context\":\"https:\/\/schema.org\",\"@graph\":[{\"@type\":\"WebPage\",\"@id\":\"https:\/\/www.linov.pt\/fr\/contacts\/\",\"url\":\"https:\/\/www.linov.pt\/fr\/contacts\/\",\"name\":\"Contacts - Linov\",\"isPartOf\":{\"@id\":\"https:\/\/www.linov.pt\/fr\/#website\"},\"datePublished\":\"2017-02-02T14:27:30+00:00\",\"dateModified\":\"2025-08-22T15:40:55+00:00\",\"breadcrumb\":{\"@id\":\"https:\/\/www.linov.pt\/fr\/contacts\/#breadcrumb\"},\"inLanguage\":\"pt-PT\",\"potentialAction\":[{\"@type\":\"ReadAction\",\"target\":[\"https:\/\/www.linov.pt\/fr\/contacts\/\"]}]},{\"@type\":\"BreadcrumbList\",\"@id\":\"https:\/\/www.linov.pt\/fr\/contacts\/#breadcrumb\",\"itemListElement\":[{\"@type\":\"ListItem\",\"position\":1,\"name\":\"In\u00edcio\",\"item\":\"https:\/\/www.linov.pt\/fr\/linov\/\"},{\"@type\":\"ListItem\",\"position\":2,\"name\":\"Contacts\"}]},{\"@type\":\"WebSite\",\"@id\":\"https:\/\/www.linov.pt\/fr\/#website\",\"url\":\"https:\/\/www.linov.pt\/fr\/\",\"name\":\"Linov\",\"description\":\"La vie et la couleur de votre piscine\",\"potentialAction\":[{\"@type\":\"SearchAction\",\"target\":{\"@type\":\"EntryPoint\",\"urlTemplate\":\"https:\/\/www.linov.pt\/fr\/?s={search_term_string}\"},\"query-input\":{\"@type\":\"PropertyValueSpecification\",\"valueRequired\":true,\"valueName\":\"search_term_string\"}}],\"inLanguage\":\"pt-PT\"}]}<\/script>\n<!-- \/ Yoast SEO plugin. -->","yoast_head_json":{"title":"Contacts - Linov","robots":{"index":"index","follow":"follow","max-snippet":"max-snippet:-1","max-image-preview":"max-image-preview:large","max-video-preview":"max-video-preview:-1"},"canonical":"https:\/\/www.linov.pt\/fr\/contacts\/","og_locale":"pt_PT","og_type":"article","og_title":"Contacts - Linov","og_url":"https:\/\/www.linov.pt\/fr\/contacts\/","og_site_name":"Linov","article_modified_time":"2025-08-22T15:40:55+00:00","twitter_card":"summary_large_image","twitter_misc":{"Tempo estimado de leitura":"1 minuto"},"schema":{"@context":"https:\/\/schema.org","@graph":[{"@type":"WebPage","@id":"https:\/\/www.linov.pt\/fr\/contacts\/","url":"https:\/\/www.linov.pt\/fr\/contacts\/","name":"Contacts - Linov","isPartOf":{"@id":"https:\/\/www.linov.pt\/fr\/#website"},"datePublished":"2017-02-02T14:27:30+00:00","dateModified":"2025-08-22T15:40:55+00:00","breadcrumb":{"@id":"https:\/\/www.linov.pt\/fr\/contacts\/#breadcrumb"},"inLanguage":"pt-PT","potentialAction":[{"@type":"ReadAction","target":["https:\/\/www.linov.pt\/fr\/contacts\/"]}]},{"@type":"BreadcrumbList","@id":"https:\/\/www.linov.pt\/fr\/contacts\/#breadcrumb","itemListElement":[{"@type":"ListItem","position":1,"name":"In\u00edcio","item":"https:\/\/www.linov.pt\/fr\/linov\/"},{"@type":"ListItem","position":2,"name":"Contacts"}]},{"@type":"WebSite","@id":"https:\/\/www.linov.pt\/fr\/#website","url":"https:\/\/www.linov.pt\/fr\/","name":"Linov","description":"La vie et la couleur de votre piscine","potentialAction":[{"@type":"SearchAction","target":{"@type":"EntryPoint","urlTemplate":"https:\/\/www.linov.pt\/fr\/?s={search_term_string}"},"query-input":{"@type":"PropertyValueSpecification","valueRequired":true,"valueName":"search_term_string"}}],"inLanguage":"pt-PT"}]}},"_links":{"self":[{"href":"https:\/\/www.linov.pt\/fr\/wp-json\/wp\/v2\/pages\/632","targetHints":{"allow":["GET"]}}],"collection":[{"href":"https:\/\/www.linov.pt\/fr\/wp-json\/wp\/v2\/pages"}],"about":[{"href":"https:\/\/www.linov.pt\/fr\/wp-json\/wp\/v2\/types\/page"}],"author":[{"embeddable":true,"href":"https:\/\/www.linov.pt\/fr\/wp-json\/wp\/v2\/users\/1"}],"replies":[{"embeddable":true,"href":"https:\/\/www.linov.pt\/fr\/wp-json\/wp\/v2\/comments?post=632"}],"version-history":[{"count":45,"href":"https:\/\/www.linov.pt\/fr\/wp-json\/wp\/v2\/pages\/632\/revisions"}],"predecessor-version":[{"id":6019,"href":"https:\/\/www.linov.pt\/fr\/wp-json\/wp\/v2\/pages\/632\/revisions\/6019"}],"wp:attachment":[{"href":"https:\/\/www.linov.pt\/fr\/wp-json\/wp\/v2\/media?parent=632"}],"curies":[{"name":"wp","href":"https:\/\/api.w.org\/{rel}","templated":true}]}}