{"id":4906,"date":"2025-06-09T13:13:22","date_gmt":"2025-06-09T13:13:22","guid":{"rendered":"https:\/\/www.linov.pt\/pt\/politica-de-cookies-ue\/"},"modified":"2025-08-22T16:18:12","modified_gmt":"2025-08-22T16:18:12","slug":"politique-de-cookies","status":"publish","type":"page","link":"https:\/\/www.linov.pt\/fr\/politique-de-cookies\/","title":{"rendered":"Politique de Cookies"},"content":{"rendered":"\n<style type=\"text\/css\" data-created_by=\"avia_inline_auto\" id=\"style-css-av-mbz91qa0-1469992b08efcbf3c74d0dfed6108f7a\">\n#top .av-special-heading.av-mbz91qa0-1469992b08efcbf3c74d0dfed6108f7a{\npadding-bottom:10px;\n}\nbody .av-special-heading.av-mbz91qa0-1469992b08efcbf3c74d0dfed6108f7a .av-special-heading-tag .heading-char{\nfont-size:25px;\n}\n.av-special-heading.av-mbz91qa0-1469992b08efcbf3c74d0dfed6108f7a .av-subheading{\nfont-size:15px;\n}\n<\/style>\n<div  class='av-special-heading av-mbz91qa0-1469992b08efcbf3c74d0dfed6108f7a av-special-heading-h1 blockquote modern-quote  avia-builder-el-0  el_before_av_textblock  avia-builder-el-first '><h1 class='av-special-heading-tag '  itemprop=\"headline\"  >Politique de Cookies \u2013 Linov<\/h1><div class=\"special-heading-border\"><div class=\"special-heading-inner-border\"><\/div><\/div><\/div>\n<section  class='av_textblock_section av-mbz91zgm-1a67d09d45c28e07650ba5d95e05366d '   itemscope=\"itemscope\" itemtype=\"https:\/\/schema.org\/CreativeWork\" ><div class='avia_textblock av_inherit_color'  itemprop=\"text\" ><p data-start=\"336\" data-end=\"630\">La pr\u00e9sente Politique de Cookies refl\u00e8te l\u2019utilisation que nous faisons des cookies et dispositifs similaires de nos clients et utilisateurs. L\u2019utilisation des cookies peut \u00eatre li\u00e9e au traitement de donn\u00e9es personnelles ; nous vous recommandons donc de consulter notre Politique de Confidentialit\u00e9, disponible sur notre site web Linov (marque de RP Industries, S.A.).<br data-start=\"4192\" data-end=\"4195\" \/>Cette Politique de Cookies pourra \u00eatre mise \u00e0 jour ponctuellement afin de refl\u00e9ter, par exemple, des changements dans nos pratiques ou pour d\u2019autres raisons op\u00e9rationnelles, l\u00e9gales ou r\u00e9glementaires.<br data-start=\"4395\" data-end=\"4398\" \/>La marque \u201cLinov\u201d est responsable du stockage des informations contenues dans les cookies, dont les \u00e9claircissements peuvent \u00eatre demand\u00e9s \u00e0 l\u2019adresse \u00e9lectronique <a class=\"decorated-link cursor-pointer\" rel=\"noopener\" data-start=\"4562\" data-end=\"4583\">dados.pessoais@rpi.pt<\/a>. Outre les cookies g\u00e9n\u00e9r\u00e9s par la marque elle-m\u00eame, il existe des \u201cCookies tiers\u201d, g\u00e9r\u00e9s par des prestataires de services externes \u00e0 la marque (par ex. Facebook, Google).<\/p>\n<\/div><\/section>\n\n<style type=\"text\/css\" data-created_by=\"avia_inline_auto\" id=\"style-css-av-mbz927nd-8741fe9ea1e302ab3dfa9c1d688c48bc\">\n#top .av-special-heading.av-mbz927nd-8741fe9ea1e302ab3dfa9c1d688c48bc{\npadding-bottom:10px;\n}\nbody .av-special-heading.av-mbz927nd-8741fe9ea1e302ab3dfa9c1d688c48bc .av-special-heading-tag .heading-char{\nfont-size:25px;\n}\n.av-special-heading.av-mbz927nd-8741fe9ea1e302ab3dfa9c1d688c48bc .av-subheading{\nfont-size:15px;\n}\n<\/style>\n<div  class='av-special-heading av-mbz927nd-8741fe9ea1e302ab3dfa9c1d688c48bc av-special-heading-h2 blockquote modern-quote  avia-builder-el-2  el_after_av_textblock  el_before_av_textblock '><h2 class='av-special-heading-tag '  itemprop=\"headline\"  >Que sont les cookies ?<\/h2><div class=\"special-heading-border\"><div class=\"special-heading-inner-border\"><\/div><\/div><\/div>\n<section  class='av_textblock_section av-mbz92j3u-1377b7f2e7d4f89c6b72bd2a8a07136c '   itemscope=\"itemscope\" itemtype=\"https:\/\/schema.org\/CreativeWork\" ><div class='avia_textblock av_inherit_color'  itemprop=\"text\" ><p>Les cookies sont de petits fichiers texte envoy\u00e9s \u00e0 votre ordinateur ou appareil mobile lorsque vous visitez des sites web, nous permettant de stocker et de r\u00e9cup\u00e9rer des informations sur vos habitudes de navigation afin de personnaliser votre navigation selon vos pr\u00e9f\u00e9rences, tout en offrant une excellente exp\u00e9rience d\u2019utilisation sur notre site web.<\/p>\n<\/div><\/section>\n\n<style type=\"text\/css\" data-created_by=\"avia_inline_auto\" id=\"style-css-av-mbz92rzm-d6d5a52b7f3a7e0d9e2de9c4e3838947\">\n#top .av-special-heading.av-mbz92rzm-d6d5a52b7f3a7e0d9e2de9c4e3838947{\npadding-bottom:10px;\n}\nbody .av-special-heading.av-mbz92rzm-d6d5a52b7f3a7e0d9e2de9c4e3838947 .av-special-heading-tag .heading-char{\nfont-size:25px;\n}\n.av-special-heading.av-mbz92rzm-d6d5a52b7f3a7e0d9e2de9c4e3838947 .av-subheading{\nfont-size:15px;\n}\n<\/style>\n<div  class='av-special-heading av-mbz92rzm-d6d5a52b7f3a7e0d9e2de9c4e3838947 av-special-heading-h2 blockquote modern-quote  avia-builder-el-4  el_after_av_textblock  el_before_av_textblock '><h2 class='av-special-heading-tag '  itemprop=\"headline\"  >Quels types de cookies utilisons-nous ?<\/h2><div class=\"special-heading-border\"><div class=\"special-heading-inner-border\"><\/div><\/div><\/div>\n<section  class='av_textblock_section av-mbz93l3l-9953221a8697309aff9eaddb61164689 '   itemscope=\"itemscope\" itemtype=\"https:\/\/schema.org\/CreativeWork\" ><div class='avia_textblock av_inherit_color'  itemprop=\"text\" ><p data-start=\"5144\" data-end=\"5252\">Notre site web peut utiliser les types de cookies suivants :<\/p>\n<p data-start=\"5254\" data-end=\"5606\">\u2022 <strong data-start=\"5256\" data-end=\"5293\">Cookies strictement n\u00e9cessaires :<\/strong><br data-start=\"5293\" data-end=\"5296\" \/>Ils sont n\u00e9cessaires au fonctionnement de la navigation sur le site web et ne peuvent pas \u00eatre d\u00e9sactiv\u00e9s dans nos syst\u00e8mes. Vous pouvez bloquer la pr\u00e9sence de ces cookies, mais certaines parties du site web pourraient ne plus fonctionner. Ces cookies ne stockent aucune information personnelle identifiable.<\/p>\n<p data-start=\"5608\" data-end=\"5944\">\u2022 <strong data-start=\"5610\" data-end=\"5661\">Cookies de pr\u00e9f\u00e9rences ou de personnalisation :<\/strong><br data-start=\"5661\" data-end=\"5664\" \/>Ils permettent d\u2019acc\u00e9der au service avec des r\u00e9sultats personnalis\u00e9s, en m\u00e9morisant des caract\u00e9ristiques pr\u00e9d\u00e9finies telles que la langue de l\u2019utilisateur, le type de navigateur utilis\u00e9 pour acc\u00e9der au service, la localisation \u00e0 partir de laquelle vous acc\u00e9dez au site web, etc.<\/p>\n<p data-start=\"5946\" data-end=\"6125\">\u2022 <strong data-start=\"5948\" data-end=\"5971\">Cookies d\u2019analyse :<\/strong><br data-start=\"5971\" data-end=\"5974\" \/>Ils nous permettent de quantifier le nombre d\u2019utilisateurs et ainsi de r\u00e9aliser la mesure et l\u2019analyse statistique de l\u2019utilisation de la plateforme.<\/p>\n<p data-start=\"6127\" data-end=\"6307\">\u2022 <strong data-start=\"6129\" data-end=\"6171\">Cookies de publicit\u00e9 ou de marketing :<\/strong><br data-start=\"6171\" data-end=\"6174\" \/>Ils servent \u00e0 analyser vos habitudes de navigation sur notre site web afin de vous proposer des publicit\u00e9s adapt\u00e9es \u00e0 votre profil.<\/p>\n<p data-start=\"6309\" data-end=\"6510\">\u2022 <strong data-start=\"6311\" data-end=\"6343\">Cookies de r\u00e9seaux sociaux :<\/strong><br data-start=\"6343\" data-end=\"6346\" \/>Ils sont d\u00e9finis par divers services de r\u00e9seaux sociaux que nous avons ajout\u00e9s au site web pour vous permettre de partager notre contenu avec vos amis et r\u00e9seaux.<\/p>\n<\/div><\/section>\n\n<style type=\"text\/css\" data-created_by=\"avia_inline_auto\" id=\"style-css-av-mbz94dwj-82d85f88fe25a9137a5735dc3392f38d\">\n#top .av-special-heading.av-mbz94dwj-82d85f88fe25a9137a5735dc3392f38d{\npadding-bottom:10px;\n}\nbody .av-special-heading.av-mbz94dwj-82d85f88fe25a9137a5735dc3392f38d .av-special-heading-tag .heading-char{\nfont-size:25px;\n}\n.av-special-heading.av-mbz94dwj-82d85f88fe25a9137a5735dc3392f38d .av-subheading{\nfont-size:15px;\n}\n<\/style>\n<div  class='av-special-heading av-mbz94dwj-82d85f88fe25a9137a5735dc3392f38d av-special-heading-h2 blockquote modern-quote  avia-builder-el-6  el_after_av_textblock  el_before_av_textblock '><h2 class='av-special-heading-tag '  itemprop=\"headline\"  >Cookies internes et tiers<\/h2><div class=\"special-heading-border\"><div class=\"special-heading-inner-border\"><\/div><\/div><\/div>\n<section  class='av_textblock_section av-mbz94m5k-d33cee480ce9a3b1bb0747344ff6459f '   itemscope=\"itemscope\" itemtype=\"https:\/\/schema.org\/CreativeWork\" ><div class='avia_textblock av_inherit_color'  itemprop=\"text\" ><p data-start=\"6512\" data-end=\"6600\">Les cookies utilis\u00e9s sur notre site web peuvent \u00eatre :<\/p>\n<ul data-start=\"6602\" data-end=\"6848\">\n<li data-start=\"6602\" data-end=\"6661\">\n<p data-start=\"6604\" data-end=\"6661\"><strong data-start=\"6604\" data-end=\"6626\">Cookies internes :<\/strong> d\u00e9finis par le domaine linov.pt.<\/p>\n<\/li>\n<li data-start=\"6662\" data-end=\"6848\">\n<p data-start=\"6664\" data-end=\"6848\"><strong data-start=\"6664\" data-end=\"6683\">Cookies tiers :<\/strong> d\u00e9finis par d\u2019autres domaines, utilis\u00e9s par des partenaires pour fournir des services tels que l\u2019analyse statistique des visites ou des fonctionnalit\u00e9s marketing.<\/p>\n<\/li>\n<\/ul>\n<\/div><\/section>\n\n<style type=\"text\/css\" data-created_by=\"avia_inline_auto\" id=\"style-css-av-mbz951ri-1c1bf4a55f572f8ab484c5dcdc3ae2df\">\n#top .av-special-heading.av-mbz951ri-1c1bf4a55f572f8ab484c5dcdc3ae2df{\npadding-bottom:10px;\n}\nbody .av-special-heading.av-mbz951ri-1c1bf4a55f572f8ab484c5dcdc3ae2df .av-special-heading-tag .heading-char{\nfont-size:25px;\n}\n.av-special-heading.av-mbz951ri-1c1bf4a55f572f8ab484c5dcdc3ae2df .av-subheading{\nfont-size:15px;\n}\n<\/style>\n<div  class='av-special-heading av-mbz951ri-1c1bf4a55f572f8ab484c5dcdc3ae2df av-special-heading-h2 blockquote modern-quote  avia-builder-el-8  el_after_av_textblock  el_before_av_textblock '><h2 class='av-special-heading-tag '  itemprop=\"headline\"  >Gestion des cookies<\/h2><div class=\"special-heading-border\"><div class=\"special-heading-inner-border\"><\/div><\/div><\/div>\n<section  class='av_textblock_section av-31t2vu-72d0c51e105f58f4ad17e6ed3a2e76f3 '   itemscope=\"itemscope\" itemtype=\"https:\/\/schema.org\/CreativeWork\" ><div class='avia_textblock av_inherit_color'  itemprop=\"text\" ><p data-start=\"1451\" data-end=\"1500\">Vous pouvez configurer ou d\u00e9sactiver les cookies via la banni\u00e8re de consentement affich\u00e9e lors de votre premi\u00e8re visite sur notre site, ou ajuster vos pr\u00e9f\u00e9rences \u00e0 tout moment ici :<\/p>\n<\/div><\/section>\n\n\n<style type=\"text\/css\" data-created_by=\"avia_inline_auto\" id=\"style-css-av-mbz9h41g-04988451538d505a370a9710f41f069c\">\n#top .av-special-heading.av-mbz9h41g-04988451538d505a370a9710f41f069c{\npadding-bottom:10px;\n}\nbody .av-special-heading.av-mbz9h41g-04988451538d505a370a9710f41f069c .av-special-heading-tag .heading-char{\nfont-size:25px;\n}\n.av-special-heading.av-mbz9h41g-04988451538d505a370a9710f41f069c .av-subheading{\nfont-size:15px;\n}\n<\/style>\n<div  class='av-special-heading av-mbz9h41g-04988451538d505a370a9710f41f069c av-special-heading-h2 blockquote modern-quote  avia-builder-el-11  el_after_av_codeblock  el_before_av_textblock '><h2 class='av-special-heading-tag '  itemprop=\"headline\"  >Modifications de la Politique<\/h2><div class=\"special-heading-border\"><div class=\"special-heading-inner-border\"><\/div><\/div><\/div>\n<section  class='av_textblock_section av-mbz95ipu-179ea420bf828ae7e47b2b63c6b768dd '   itemscope=\"itemscope\" itemtype=\"https:\/\/schema.org\/CreativeWork\" ><div class='avia_textblock av_inherit_color'  itemprop=\"text\" ><p data-start=\"1451\" data-end=\"1500\">Nous pourrons mettre \u00e0 jour cette Politique de Cookies p\u00e9riodiquement pour refl\u00e9ter les changements dans les cookies utilis\u00e9s ou pour des raisons l\u00e9gales. Nous vous recommandons de consulter r\u00e9guli\u00e8rement cette politique.<\/p>\n<\/div><\/section>\n\n<style type=\"text\/css\" data-created_by=\"avia_inline_auto\" id=\"style-css-av-mbz9hh1x-d994b66f6ef206698be038ddb03e74e6\">\n#top .av-special-heading.av-mbz9hh1x-d994b66f6ef206698be038ddb03e74e6{\npadding-bottom:10px;\n}\nbody .av-special-heading.av-mbz9hh1x-d994b66f6ef206698be038ddb03e74e6 .av-special-heading-tag .heading-char{\nfont-size:25px;\n}\n.av-special-heading.av-mbz9hh1x-d994b66f6ef206698be038ddb03e74e6 .av-subheading{\nfont-size:15px;\n}\n<\/style>\n<div  class='av-special-heading av-mbz9hh1x-d994b66f6ef206698be038ddb03e74e6 av-special-heading-h2 blockquote modern-quote  avia-builder-el-13  el_after_av_textblock  el_before_av_textblock '><h2 class='av-special-heading-tag '  itemprop=\"headline\"  >Contact<\/h2><div class=\"special-heading-border\"><div class=\"special-heading-inner-border\"><\/div><\/div><\/div>\n<section  class='av_textblock_section av-mbz9hwi1-2da66d78b16a0093e1bd23ea71384845 '   itemscope=\"itemscope\" itemtype=\"https:\/\/schema.org\/CreativeWork\" ><div class='avia_textblock av_inherit_color'  itemprop=\"text\" ><p data-start=\"1451\" data-end=\"1500\">Si vous avez des questions concernant cette Politique de Cookies, vous pouvez nous contacter :<br data-start=\"7475\" data-end=\"7478\" \/>RP Industries, S.A.<br data-start=\"7497\" data-end=\"7500\" \/>Email : <a class=\"decorated-link cursor-pointer\" rel=\"noopener\" data-start=\"7508\" data-end=\"7529\">dados.pessoais@rpi.pt<\/a><br data-start=\"7529\" data-end=\"7532\" \/>T\u00e9l\u00e9phone : +351 253 689 500 (appel vers r\u00e9seau fixe national)<\/p>\n<\/div><\/section>\n","protected":false},"excerpt":{"rendered":"","protected":false},"author":1,"featured_media":0,"parent":0,"menu_order":0,"comment_status":"closed","ping_status":"closed","template":"","meta":{"footnotes":""},"class_list":["post-4906","page","type-page","status-publish","hentry"],"yoast_head":"<!-- This site is optimized with the Yoast SEO plugin v25.4 - https:\/\/yoast.com\/wordpress\/plugins\/seo\/ -->\n<title>Politique de Cookies - Linov<\/title>\n<meta name=\"robots\" content=\"index, follow, max-snippet:-1, max-image-preview:large, max-video-preview:-1\" \/>\n<link rel=\"canonical\" href=\"https:\/\/www.linov.pt\/fr\/politique-de-cookies\/\" \/>\n<meta property=\"og:locale\" content=\"pt_PT\" \/>\n<meta property=\"og:type\" content=\"article\" \/>\n<meta property=\"og:title\" content=\"Politique de Cookies - Linov\" \/>\n<meta property=\"og:url\" content=\"https:\/\/www.linov.pt\/fr\/politique-de-cookies\/\" \/>\n<meta property=\"og:site_name\" content=\"Linov\" \/>\n<meta property=\"article:modified_time\" content=\"2025-08-22T16:18:12+00:00\" \/>\n<meta name=\"twitter:card\" content=\"summary_large_image\" \/>\n<meta name=\"twitter:label1\" content=\"Tempo estimado de leitura\" \/>\n\t<meta name=\"twitter:data1\" content=\"3 minutos\" \/>\n<script type=\"application\/ld+json\" class=\"yoast-schema-graph\">{\"@context\":\"https:\/\/schema.org\",\"@graph\":[{\"@type\":\"WebPage\",\"@id\":\"https:\/\/www.linov.pt\/fr\/politique-de-cookies\/\",\"url\":\"https:\/\/www.linov.pt\/fr\/politique-de-cookies\/\",\"name\":\"Politique de Cookies - Linov\",\"isPartOf\":{\"@id\":\"https:\/\/www.linov.pt\/fr\/#website\"},\"datePublished\":\"2025-06-09T13:13:22+00:00\",\"dateModified\":\"2025-08-22T16:18:12+00:00\",\"breadcrumb\":{\"@id\":\"https:\/\/www.linov.pt\/fr\/politique-de-cookies\/#breadcrumb\"},\"inLanguage\":\"pt-PT\",\"potentialAction\":[{\"@type\":\"ReadAction\",\"target\":[\"https:\/\/www.linov.pt\/fr\/politique-de-cookies\/\"]}]},{\"@type\":\"BreadcrumbList\",\"@id\":\"https:\/\/www.linov.pt\/fr\/politique-de-cookies\/#breadcrumb\",\"itemListElement\":[{\"@type\":\"ListItem\",\"position\":1,\"name\":\"In\u00edcio\",\"item\":\"https:\/\/www.linov.pt\/fr\/linov\/\"},{\"@type\":\"ListItem\",\"position\":2,\"name\":\"Politique de Cookies\"}]},{\"@type\":\"WebSite\",\"@id\":\"https:\/\/www.linov.pt\/fr\/#website\",\"url\":\"https:\/\/www.linov.pt\/fr\/\",\"name\":\"Linov\",\"description\":\"La vie et la couleur de votre piscine\",\"potentialAction\":[{\"@type\":\"SearchAction\",\"target\":{\"@type\":\"EntryPoint\",\"urlTemplate\":\"https:\/\/www.linov.pt\/fr\/?s={search_term_string}\"},\"query-input\":{\"@type\":\"PropertyValueSpecification\",\"valueRequired\":true,\"valueName\":\"search_term_string\"}}],\"inLanguage\":\"pt-PT\"}]}<\/script>\n<!-- \/ Yoast SEO plugin. -->","yoast_head_json":{"title":"Politique de Cookies - Linov","robots":{"index":"index","follow":"follow","max-snippet":"max-snippet:-1","max-image-preview":"max-image-preview:large","max-video-preview":"max-video-preview:-1"},"canonical":"https:\/\/www.linov.pt\/fr\/politique-de-cookies\/","og_locale":"pt_PT","og_type":"article","og_title":"Politique de Cookies - Linov","og_url":"https:\/\/www.linov.pt\/fr\/politique-de-cookies\/","og_site_name":"Linov","article_modified_time":"2025-08-22T16:18:12+00:00","twitter_card":"summary_large_image","twitter_misc":{"Tempo estimado de leitura":"3 minutos"},"schema":{"@context":"https:\/\/schema.org","@graph":[{"@type":"WebPage","@id":"https:\/\/www.linov.pt\/fr\/politique-de-cookies\/","url":"https:\/\/www.linov.pt\/fr\/politique-de-cookies\/","name":"Politique de Cookies - Linov","isPartOf":{"@id":"https:\/\/www.linov.pt\/fr\/#website"},"datePublished":"2025-06-09T13:13:22+00:00","dateModified":"2025-08-22T16:18:12+00:00","breadcrumb":{"@id":"https:\/\/www.linov.pt\/fr\/politique-de-cookies\/#breadcrumb"},"inLanguage":"pt-PT","potentialAction":[{"@type":"ReadAction","target":["https:\/\/www.linov.pt\/fr\/politique-de-cookies\/"]}]},{"@type":"BreadcrumbList","@id":"https:\/\/www.linov.pt\/fr\/politique-de-cookies\/#breadcrumb","itemListElement":[{"@type":"ListItem","position":1,"name":"In\u00edcio","item":"https:\/\/www.linov.pt\/fr\/linov\/"},{"@type":"ListItem","position":2,"name":"Politique de Cookies"}]},{"@type":"WebSite","@id":"https:\/\/www.linov.pt\/fr\/#website","url":"https:\/\/www.linov.pt\/fr\/","name":"Linov","description":"La vie et la couleur de votre piscine","potentialAction":[{"@type":"SearchAction","target":{"@type":"EntryPoint","urlTemplate":"https:\/\/www.linov.pt\/fr\/?s={search_term_string}"},"query-input":{"@type":"PropertyValueSpecification","valueRequired":true,"valueName":"search_term_string"}}],"inLanguage":"pt-PT"}]}},"_links":{"self":[{"href":"https:\/\/www.linov.pt\/fr\/wp-json\/wp\/v2\/pages\/4906","targetHints":{"allow":["GET"]}}],"collection":[{"href":"https:\/\/www.linov.pt\/fr\/wp-json\/wp\/v2\/pages"}],"about":[{"href":"https:\/\/www.linov.pt\/fr\/wp-json\/wp\/v2\/types\/page"}],"author":[{"embeddable":true,"href":"https:\/\/www.linov.pt\/fr\/wp-json\/wp\/v2\/users\/1"}],"replies":[{"embeddable":true,"href":"https:\/\/www.linov.pt\/fr\/wp-json\/wp\/v2\/comments?post=4906"}],"version-history":[{"count":10,"href":"https:\/\/www.linov.pt\/fr\/wp-json\/wp\/v2\/pages\/4906\/revisions"}],"predecessor-version":[{"id":6025,"href":"https:\/\/www.linov.pt\/fr\/wp-json\/wp\/v2\/pages\/4906\/revisions\/6025"}],"wp:attachment":[{"href":"https:\/\/www.linov.pt\/fr\/wp-json\/wp\/v2\/media?parent=4906"}],"curies":[{"name":"wp","href":"https:\/\/api.w.org\/{rel}","templated":true}]}}