{"id":4906,"date":"2025-06-09T13:13:22","date_gmt":"2025-06-09T13:13:22","guid":{"rendered":"https:\/\/www.linov.pt\/pt\/politica-de-cookies-ue\/"},"modified":"2025-08-22T16:16:26","modified_gmt":"2025-08-22T16:16:26","slug":"politica-de-cookies","status":"publish","type":"page","link":"https:\/\/www.linov.pt\/es\/politica-de-cookies\/","title":{"rendered":"Pol\u00edtica de Cookies"},"content":{"rendered":"\n<style type=\"text\/css\" data-created_by=\"avia_inline_auto\" id=\"style-css-av-mbz91qa0-69726af650192a8f45eb47d230f64473\">\n#top .av-special-heading.av-mbz91qa0-69726af650192a8f45eb47d230f64473{\npadding-bottom:10px;\n}\nbody .av-special-heading.av-mbz91qa0-69726af650192a8f45eb47d230f64473 .av-special-heading-tag .heading-char{\nfont-size:25px;\n}\n.av-special-heading.av-mbz91qa0-69726af650192a8f45eb47d230f64473 .av-subheading{\nfont-size:15px;\n}\n<\/style>\n<div  class='av-special-heading av-mbz91qa0-69726af650192a8f45eb47d230f64473 av-special-heading-h1 blockquote modern-quote  avia-builder-el-0  el_before_av_textblock  avia-builder-el-first '><h1 class='av-special-heading-tag '  itemprop=\"headline\"  >Pol\u00edtica de Cookies \u2013 Linov<\/h1><div class=\"special-heading-border\"><div class=\"special-heading-inner-border\"><\/div><\/div><\/div>\n<section  class='av_textblock_section av-mbz91zgm-1a67d09d45c28e07650ba5d95e05366d '   itemscope=\"itemscope\" itemtype=\"https:\/\/schema.org\/CreativeWork\" ><div class='avia_textblock av_inherit_color'  itemprop=\"text\" ><p data-start=\"336\" data-end=\"630\">La presente Pol\u00edtica de Cookies refleja el uso que hacemos de las cookies y dispositivos similares de nuestros clientes y usuarios. El uso de cookies puede estar relacionado con el tratamiento de datos personales, por lo que recomendamos consultar nuestra Pol\u00edtica de Privacidad, disponible en nuestro sitio web Linov (marca de RP Industries, S.A.).<br data-start=\"561\" data-end=\"564\" \/>Ocasionalmente, esta Pol\u00edtica de Cookies podr\u00e1 actualizarse para reflejar, por ejemplo, cambios en nuestras pr\u00e1cticas o por otras razones operativas, legales o reglamentarias.<br data-start=\"739\" data-end=\"742\" \/>La marca \u201cLinov\u201d se ocupa del almacenamiento de la informaci\u00f3n contenida en las cookies, cuyas aclaraciones podr\u00e1n solicitarse a la direcci\u00f3n de correo electr\u00f3nico <a class=\"decorated-link cursor-pointer\" rel=\"noopener\" data-start=\"906\" data-end=\"927\">datos.pessoais@rpi.pt<\/a>. Adem\u00e1s de las cookies generadas por la propia marca, existen \u201cCookies de terceros\u201d, gestionadas por proveedores de servicios externos a la marca (p. ej. Facebook, Google).<\/p>\n<\/div><\/section>\n\n<style type=\"text\/css\" data-created_by=\"avia_inline_auto\" id=\"style-css-av-mbz927nd-24b74d4844a3cf70dd261c3e5eabdcfe\">\n#top .av-special-heading.av-mbz927nd-24b74d4844a3cf70dd261c3e5eabdcfe{\npadding-bottom:10px;\n}\nbody .av-special-heading.av-mbz927nd-24b74d4844a3cf70dd261c3e5eabdcfe .av-special-heading-tag .heading-char{\nfont-size:25px;\n}\n.av-special-heading.av-mbz927nd-24b74d4844a3cf70dd261c3e5eabdcfe .av-subheading{\nfont-size:15px;\n}\n<\/style>\n<div  class='av-special-heading av-mbz927nd-24b74d4844a3cf70dd261c3e5eabdcfe av-special-heading-h2 blockquote modern-quote  avia-builder-el-2  el_after_av_textblock  el_before_av_textblock '><h2 class='av-special-heading-tag '  itemprop=\"headline\"  >\u00bfQu\u00e9 son las cookies?<\/h2><div class=\"special-heading-border\"><div class=\"special-heading-inner-border\"><\/div><\/div><\/div>\n<section  class='av_textblock_section av-mbz92j3u-1377b7f2e7d4f89c6b72bd2a8a07136c '   itemscope=\"itemscope\" itemtype=\"https:\/\/schema.org\/CreativeWork\" ><div class='avia_textblock av_inherit_color'  itemprop=\"text\" ><p>Las cookies son peque\u00f1os archivos de texto enviados a su ordenador o dispositivo m\u00f3vil cuando visita sitios web, lo que nos permite almacenar y recuperar informaci\u00f3n sobre sus h\u00e1bitos de navegaci\u00f3n para personalizar la navegaci\u00f3n seg\u00fan sus preferencias, ofreciendo continuamente una excelente experiencia de uso en nuestro sitio web.<\/p>\n<\/div><\/section>\n\n<style type=\"text\/css\" data-created_by=\"avia_inline_auto\" id=\"style-css-av-mbz92rzm-3afd17cead504b643ca0d4471ec8ef8a\">\n#top .av-special-heading.av-mbz92rzm-3afd17cead504b643ca0d4471ec8ef8a{\npadding-bottom:10px;\n}\nbody .av-special-heading.av-mbz92rzm-3afd17cead504b643ca0d4471ec8ef8a .av-special-heading-tag .heading-char{\nfont-size:25px;\n}\n.av-special-heading.av-mbz92rzm-3afd17cead504b643ca0d4471ec8ef8a .av-subheading{\nfont-size:15px;\n}\n<\/style>\n<div  class='av-special-heading av-mbz92rzm-3afd17cead504b643ca0d4471ec8ef8a av-special-heading-h2 blockquote modern-quote  avia-builder-el-4  el_after_av_textblock  el_before_av_textblock '><h2 class='av-special-heading-tag '  itemprop=\"headline\"  >\u00bfQu\u00e9 tipos de cookies utilizamos?<\/h2><div class=\"special-heading-border\"><div class=\"special-heading-inner-border\"><\/div><\/div><\/div>\n<section  class='av_textblock_section av-mbz93l3l-9953221a8697309aff9eaddb61164689 '   itemscope=\"itemscope\" itemtype=\"https:\/\/schema.org\/CreativeWork\" ><div class='avia_textblock av_inherit_color'  itemprop=\"text\" ><p data-start=\"1469\" data-end=\"1576\">Nuestro sitio web puede utilizar los siguientes tipos de cookies:<\/p>\n<p data-start=\"1578\" data-end=\"1924\">\u2022 <strong data-start=\"1580\" data-end=\"1617\">Cookies estrictamente necesarias:<\/strong><br data-start=\"1617\" data-end=\"1620\" \/>Son necesarias para el funcionamiento de la navegaci\u00f3n en la p\u00e1gina web, y no pueden desactivarse en nuestros sistemas. Puede bloquear la presencia de estas cookies, aunque algunas partes de la p\u00e1gina web pueden dejar de funcionar. Estas cookies no almacenan ninguna informaci\u00f3n personal identificable.<\/p>\n<p data-start=\"1926\" data-end=\"2234\">\u2022 <strong data-start=\"1928\" data-end=\"1974\">Cookies de preferencias o personalizaci\u00f3n:<\/strong><br data-start=\"1974\" data-end=\"1977\" \/>Permiten acceder al servicio con resultados personalizados, recordando caracter\u00edsticas predefinidas como, por ejemplo, el idioma del usuario, el tipo de navegador a trav\u00e9s del cual accede al servicio, la ubicaci\u00f3n desde la que accede a la p\u00e1gina web, etc.<\/p>\n<p data-start=\"2236\" data-end=\"2394\">\u2022 <strong data-start=\"2238\" data-end=\"2262\">Cookies de an\u00e1lisis:<\/strong><br data-start=\"2262\" data-end=\"2265\" \/>Nos permiten cuantificar el n\u00famero de usuarios y, as\u00ed, realizar la medici\u00f3n y el an\u00e1lisis estad\u00edstico del uso de la plataforma.<\/p>\n<p data-start=\"2396\" data-end=\"2574\">\u2022 <strong data-start=\"2398\" data-end=\"2436\">Cookies de publicidad o marketing:<\/strong><br data-start=\"2436\" data-end=\"2439\" \/>Se destinan al an\u00e1lisis de sus h\u00e1bitos de navegaci\u00f3n en nuestra p\u00e1gina web, para poder enviarle publicidad relacionada con su perfil.<\/p>\n<p data-start=\"2576\" data-end=\"2767\">\u2022 <strong data-start=\"2578\" data-end=\"2608\">Cookies de redes sociales:<\/strong><br data-start=\"2608\" data-end=\"2611\" \/>Son definidas por varios servicios de redes sociales que hemos a\u00f1adido a la p\u00e1gina web para permitirle compartir nuestro contenido con sus amigos y redes.<\/p>\n<\/div><\/section>\n\n<style type=\"text\/css\" data-created_by=\"avia_inline_auto\" id=\"style-css-av-mbz94dwj-5d53a41dd41c188bdff440ae0d1d7e6e\">\n#top .av-special-heading.av-mbz94dwj-5d53a41dd41c188bdff440ae0d1d7e6e{\npadding-bottom:10px;\n}\nbody .av-special-heading.av-mbz94dwj-5d53a41dd41c188bdff440ae0d1d7e6e .av-special-heading-tag .heading-char{\nfont-size:25px;\n}\n.av-special-heading.av-mbz94dwj-5d53a41dd41c188bdff440ae0d1d7e6e .av-subheading{\nfont-size:15px;\n}\n<\/style>\n<div  class='av-special-heading av-mbz94dwj-5d53a41dd41c188bdff440ae0d1d7e6e av-special-heading-h2 blockquote modern-quote  avia-builder-el-6  el_after_av_textblock  el_before_av_textblock '><h2 class='av-special-heading-tag '  itemprop=\"headline\"  >Cookies propias y de terceros<\/h2><div class=\"special-heading-border\"><div class=\"special-heading-inner-border\"><\/div><\/div><\/div>\n<section  class='av_textblock_section av-mbz94m5k-d33cee480ce9a3b1bb0747344ff6459f '   itemscope=\"itemscope\" itemtype=\"https:\/\/schema.org\/CreativeWork\" ><div class='avia_textblock av_inherit_color'  itemprop=\"text\" ><p data-start=\"2769\" data-end=\"2862\">Las cookies utilizadas en nuestro sitio web pueden ser:<\/p>\n<ul data-start=\"2864\" data-end=\"3106\">\n<li data-start=\"2864\" data-end=\"2923\">\n<p data-start=\"2866\" data-end=\"2923\"><strong data-start=\"2866\" data-end=\"2886\">Cookies propias:<\/strong> definidas por el dominio linov.pt.<\/p>\n<\/li>\n<li data-start=\"2924\" data-end=\"3106\">\n<p data-start=\"2926\" data-end=\"3106\"><strong data-start=\"2926\" data-end=\"2950\">Cookies de terceros:<\/strong> definidas por dominios diferentes, utilizadas por socios para proporcionar servicios como an\u00e1lisis estad\u00edstico de visitas o funcionalidades de marketing.<\/p>\n<\/li>\n<\/ul>\n<\/div><\/section>\n\n<style type=\"text\/css\" data-created_by=\"avia_inline_auto\" id=\"style-css-av-mbz951ri-c98ed57829cc25ec1e0647969c9519e9\">\n#top .av-special-heading.av-mbz951ri-c98ed57829cc25ec1e0647969c9519e9{\npadding-bottom:10px;\n}\nbody .av-special-heading.av-mbz951ri-c98ed57829cc25ec1e0647969c9519e9 .av-special-heading-tag .heading-char{\nfont-size:25px;\n}\n.av-special-heading.av-mbz951ri-c98ed57829cc25ec1e0647969c9519e9 .av-subheading{\nfont-size:15px;\n}\n<\/style>\n<div  class='av-special-heading av-mbz951ri-c98ed57829cc25ec1e0647969c9519e9 av-special-heading-h2 blockquote modern-quote  avia-builder-el-8  el_after_av_textblock  el_before_av_textblock '><h2 class='av-special-heading-tag '  itemprop=\"headline\"  >Gesti\u00f3n de cookies<\/h2><div class=\"special-heading-border\"><div class=\"special-heading-inner-border\"><\/div><\/div><\/div>\n<section  class='av_textblock_section av-31t2vu-72d0c51e105f58f4ad17e6ed3a2e76f3 '   itemscope=\"itemscope\" itemtype=\"https:\/\/schema.org\/CreativeWork\" ><div class='avia_textblock av_inherit_color'  itemprop=\"text\" ><p data-start=\"1451\" data-end=\"1500\">Puede configurar o desactivar las cookies mediante el banner de consentimiento mostrado en su primera visita a nuestro sitio, o ajustar sus preferencias en cualquier momento aqu\u00ed:<\/p>\n<\/div><\/section>\n\n\n<style type=\"text\/css\" data-created_by=\"avia_inline_auto\" id=\"style-css-av-mbz9h41g-7b99ee45a5ad8843fae3b459a4117941\">\n#top .av-special-heading.av-mbz9h41g-7b99ee45a5ad8843fae3b459a4117941{\npadding-bottom:10px;\n}\nbody .av-special-heading.av-mbz9h41g-7b99ee45a5ad8843fae3b459a4117941 .av-special-heading-tag .heading-char{\nfont-size:25px;\n}\n.av-special-heading.av-mbz9h41g-7b99ee45a5ad8843fae3b459a4117941 .av-subheading{\nfont-size:15px;\n}\n<\/style>\n<div  class='av-special-heading av-mbz9h41g-7b99ee45a5ad8843fae3b459a4117941 av-special-heading-h2 blockquote modern-quote  avia-builder-el-11  el_after_av_codeblock  el_before_av_textblock '><h2 class='av-special-heading-tag '  itemprop=\"headline\"  >Cambios en la Pol\u00edtica<\/h2><div class=\"special-heading-border\"><div class=\"special-heading-inner-border\"><\/div><\/div><\/div>\n<section  class='av_textblock_section av-mbz95ipu-179ea420bf828ae7e47b2b63c6b768dd '   itemscope=\"itemscope\" itemtype=\"https:\/\/schema.org\/CreativeWork\" ><div class='avia_textblock av_inherit_color'  itemprop=\"text\" ><p data-start=\"1451\" data-end=\"1500\">Podremos actualizar esta Pol\u00edtica de Cookies peri\u00f3dicamente para reflejar cambios en las cookies utilizadas o por motivos legales. Recomendamos revisar esta pol\u00edtica regularmente.<\/p>\n<\/div><\/section>\n\n<style type=\"text\/css\" data-created_by=\"avia_inline_auto\" id=\"style-css-av-mbz9hh1x-815520ddc52059562a20b43dc201a7c6\">\n#top .av-special-heading.av-mbz9hh1x-815520ddc52059562a20b43dc201a7c6{\npadding-bottom:10px;\n}\nbody .av-special-heading.av-mbz9hh1x-815520ddc52059562a20b43dc201a7c6 .av-special-heading-tag .heading-char{\nfont-size:25px;\n}\n.av-special-heading.av-mbz9hh1x-815520ddc52059562a20b43dc201a7c6 .av-subheading{\nfont-size:15px;\n}\n<\/style>\n<div  class='av-special-heading av-mbz9hh1x-815520ddc52059562a20b43dc201a7c6 av-special-heading-h2 blockquote modern-quote  avia-builder-el-13  el_after_av_textblock  el_before_av_textblock '><h2 class='av-special-heading-tag '  itemprop=\"headline\"  >Contacto<\/h2><div class=\"special-heading-border\"><div class=\"special-heading-inner-border\"><\/div><\/div><\/div>\n<section  class='av_textblock_section av-mbz9hwi1-2da66d78b16a0093e1bd23ea71384845 '   itemscope=\"itemscope\" itemtype=\"https:\/\/schema.org\/CreativeWork\" ><div class='avia_textblock av_inherit_color'  itemprop=\"text\" ><p data-start=\"1451\" data-end=\"1500\">Si tiene dudas sobre esta Pol\u00edtica de Cookies, puede contactarnos:<br data-start=\"3651\" data-end=\"3654\" \/>RP Industries, S.A.<br data-start=\"3673\" data-end=\"3676\" \/>Email: <a class=\"decorated-link cursor-pointer\" rel=\"noopener\" data-start=\"3683\" data-end=\"3704\">datos.pessoais@rpi.pt<\/a><br data-start=\"3704\" data-end=\"3707\" \/>Tel\u00e9fono: +351 253 689 500 (llamada a red fija nacional)<\/p>\n<\/div><\/section>\n","protected":false},"excerpt":{"rendered":"","protected":false},"author":1,"featured_media":0,"parent":0,"menu_order":0,"comment_status":"closed","ping_status":"closed","template":"","meta":{"footnotes":""},"class_list":["post-4906","page","type-page","status-publish","hentry"],"yoast_head":"<!-- This site is optimized with the Yoast SEO plugin v25.4 - https:\/\/yoast.com\/wordpress\/plugins\/seo\/ -->\n<title>Pol\u00edtica de Cookies - Linov<\/title>\n<meta name=\"robots\" content=\"index, follow, max-snippet:-1, max-image-preview:large, max-video-preview:-1\" \/>\n<link rel=\"canonical\" href=\"https:\/\/www.linov.pt\/es\/politica-de-cookies\/\" \/>\n<meta property=\"og:locale\" content=\"pt_PT\" \/>\n<meta property=\"og:type\" content=\"article\" \/>\n<meta property=\"og:title\" content=\"Pol\u00edtica de Cookies - Linov\" \/>\n<meta property=\"og:url\" content=\"https:\/\/www.linov.pt\/es\/politica-de-cookies\/\" \/>\n<meta property=\"og:site_name\" content=\"Linov\" \/>\n<meta property=\"article:modified_time\" content=\"2025-08-22T16:16:26+00:00\" \/>\n<meta name=\"twitter:card\" content=\"summary_large_image\" \/>\n<meta name=\"twitter:label1\" content=\"Tempo estimado de leitura\" \/>\n\t<meta name=\"twitter:data1\" content=\"3 minutos\" \/>\n<script type=\"application\/ld+json\" class=\"yoast-schema-graph\">{\"@context\":\"https:\/\/schema.org\",\"@graph\":[{\"@type\":\"WebPage\",\"@id\":\"https:\/\/www.linov.pt\/es\/politica-de-cookies\/\",\"url\":\"https:\/\/www.linov.pt\/es\/politica-de-cookies\/\",\"name\":\"Pol\u00edtica de Cookies - Linov\",\"isPartOf\":{\"@id\":\"https:\/\/www.linov.pt\/es\/#website\"},\"datePublished\":\"2025-06-09T13:13:22+00:00\",\"dateModified\":\"2025-08-22T16:16:26+00:00\",\"breadcrumb\":{\"@id\":\"https:\/\/www.linov.pt\/es\/politica-de-cookies\/#breadcrumb\"},\"inLanguage\":\"pt-PT\",\"potentialAction\":[{\"@type\":\"ReadAction\",\"target\":[\"https:\/\/www.linov.pt\/es\/politica-de-cookies\/\"]}]},{\"@type\":\"BreadcrumbList\",\"@id\":\"https:\/\/www.linov.pt\/es\/politica-de-cookies\/#breadcrumb\",\"itemListElement\":[{\"@type\":\"ListItem\",\"position\":1,\"name\":\"In\u00edcio\",\"item\":\"https:\/\/www.linov.pt\/es\/linov\/\"},{\"@type\":\"ListItem\",\"position\":2,\"name\":\"Pol\u00edtica de Cookies\"}]},{\"@type\":\"WebSite\",\"@id\":\"https:\/\/www.linov.pt\/es\/#website\",\"url\":\"https:\/\/www.linov.pt\/es\/\",\"name\":\"Linov\",\"description\":\"La vida y el color de su piscina\",\"potentialAction\":[{\"@type\":\"SearchAction\",\"target\":{\"@type\":\"EntryPoint\",\"urlTemplate\":\"https:\/\/www.linov.pt\/es\/?s={search_term_string}\"},\"query-input\":{\"@type\":\"PropertyValueSpecification\",\"valueRequired\":true,\"valueName\":\"search_term_string\"}}],\"inLanguage\":\"pt-PT\"}]}<\/script>\n<!-- \/ Yoast SEO plugin. -->","yoast_head_json":{"title":"Pol\u00edtica de Cookies - Linov","robots":{"index":"index","follow":"follow","max-snippet":"max-snippet:-1","max-image-preview":"max-image-preview:large","max-video-preview":"max-video-preview:-1"},"canonical":"https:\/\/www.linov.pt\/es\/politica-de-cookies\/","og_locale":"pt_PT","og_type":"article","og_title":"Pol\u00edtica de Cookies - Linov","og_url":"https:\/\/www.linov.pt\/es\/politica-de-cookies\/","og_site_name":"Linov","article_modified_time":"2025-08-22T16:16:26+00:00","twitter_card":"summary_large_image","twitter_misc":{"Tempo estimado de leitura":"3 minutos"},"schema":{"@context":"https:\/\/schema.org","@graph":[{"@type":"WebPage","@id":"https:\/\/www.linov.pt\/es\/politica-de-cookies\/","url":"https:\/\/www.linov.pt\/es\/politica-de-cookies\/","name":"Pol\u00edtica de Cookies - Linov","isPartOf":{"@id":"https:\/\/www.linov.pt\/es\/#website"},"datePublished":"2025-06-09T13:13:22+00:00","dateModified":"2025-08-22T16:16:26+00:00","breadcrumb":{"@id":"https:\/\/www.linov.pt\/es\/politica-de-cookies\/#breadcrumb"},"inLanguage":"pt-PT","potentialAction":[{"@type":"ReadAction","target":["https:\/\/www.linov.pt\/es\/politica-de-cookies\/"]}]},{"@type":"BreadcrumbList","@id":"https:\/\/www.linov.pt\/es\/politica-de-cookies\/#breadcrumb","itemListElement":[{"@type":"ListItem","position":1,"name":"In\u00edcio","item":"https:\/\/www.linov.pt\/es\/linov\/"},{"@type":"ListItem","position":2,"name":"Pol\u00edtica de Cookies"}]},{"@type":"WebSite","@id":"https:\/\/www.linov.pt\/es\/#website","url":"https:\/\/www.linov.pt\/es\/","name":"Linov","description":"La vida y el color de su piscina","potentialAction":[{"@type":"SearchAction","target":{"@type":"EntryPoint","urlTemplate":"https:\/\/www.linov.pt\/es\/?s={search_term_string}"},"query-input":{"@type":"PropertyValueSpecification","valueRequired":true,"valueName":"search_term_string"}}],"inLanguage":"pt-PT"}]}},"_links":{"self":[{"href":"https:\/\/www.linov.pt\/es\/wp-json\/wp\/v2\/pages\/4906","targetHints":{"allow":["GET"]}}],"collection":[{"href":"https:\/\/www.linov.pt\/es\/wp-json\/wp\/v2\/pages"}],"about":[{"href":"https:\/\/www.linov.pt\/es\/wp-json\/wp\/v2\/types\/page"}],"author":[{"embeddable":true,"href":"https:\/\/www.linov.pt\/es\/wp-json\/wp\/v2\/users\/1"}],"replies":[{"embeddable":true,"href":"https:\/\/www.linov.pt\/es\/wp-json\/wp\/v2\/comments?post=4906"}],"version-history":[{"count":10,"href":"https:\/\/www.linov.pt\/es\/wp-json\/wp\/v2\/pages\/4906\/revisions"}],"predecessor-version":[{"id":6028,"href":"https:\/\/www.linov.pt\/es\/wp-json\/wp\/v2\/pages\/4906\/revisions\/6028"}],"wp:attachment":[{"href":"https:\/\/www.linov.pt\/es\/wp-json\/wp\/v2\/media?parent=4906"}],"curies":[{"name":"wp","href":"https:\/\/api.w.org\/{rel}","templated":true}]}}